{"id":29254,"date":"2022-08-26T09:28:06","date_gmt":"2022-08-26T07:28:06","guid":{"rendered":"https:\/\/rentals.crealogica.eu\/politica-de-privacidad\/"},"modified":"2022-10-17T08:27:12","modified_gmt":"2022-10-17T06:27:12","slug":"politique-de-confidentialite","status":"publish","type":"page","link":"https:\/\/www.bysrentals.com\/fr\/politique-de-confidentialite\/","title":{"rendered":"Politique de confidentialit\u00e9"},"content":{"rendered":"\n<h2 class=\"wp-block-heading\"><strong>1. INFORMATIONS UTILISATEUR<\/strong><\/h2>\n\n\n\n<h3 class=\"wp-block-heading\"><strong>Qui est responsable du traitement de vos donn\u00e9es personnelles ?<\/strong><\/h3>\n\n\n\n<p><strong>ByS Rentals (Roger Abad Pons)<\/strong>\u00a0est RESPONSABLE du traitement des donn\u00e9es personnelles de l&rsquo;UTILISATEUR et vous informe que ces donn\u00e9es seront trait\u00e9es conform\u00e9ment aux dispositions du R\u00e8glement (UE) 2016\/679 du 27 avril (RGPD) et de la Loi Organique 3\/2018, du 5 d\u00e9cembre (LOPDGDD).<\/p>\n\n\n\n<h3 class=\"wp-block-heading\"><strong>Pourquoi traitons-nous vos donn\u00e9es personnelles ?<\/strong><\/h3>\n\n\n\n<p>Maintenir une relation commerciale avec l&rsquo;utilisateur. Les op\u00e9rations pr\u00e9vues pour r\u00e9aliser le traitement sont :<\/p>\n\n\n\n<ul class=\"wp-block-list\"><li>Remise de communications publicitaires commerciales par e-mail, fax, SMS, MMS, r\u00e9seaux sociaux ou tout autre moyen \u00e9lectronique ou physique, pr\u00e9sent ou futur, permettant de r\u00e9aliser des communications commerciales. Ces communications seront faites par le RESPONSABLE et seront li\u00e9es \u00e0 ses produits et services, ou \u00e0 ceux de ses collaborateurs ou fournisseurs, avec lesquels il a conclu un accord de promotion. Dans ce cas, les tiers n&rsquo;auront jamais acc\u00e8s aux donn\u00e9es personnelles.<\/li><li>R\u00e9aliser des \u00e9tudes de march\u00e9 et des analyses statistiques.<\/li><li>Traiter les commandes, les demandes, r\u00e9pondre aux questions ou \u00e0 tout type de demande formul\u00e9e par l&rsquo;UTILISATEUR via l&rsquo;un des formulaires de contact mis \u00e0 disposition sur le site Web du RESPONSABLE.<\/li><li>Envoyer la newsletter en ligne, sur les nouveaut\u00e9s, les offres et les promotions de notre activit\u00e9.<\/li><\/ul>\n\n\n\n<h3 class=\"wp-block-heading\"><strong>Pour quelle raison pouvons-nous traiter vos donn\u00e9es personnelles ?<\/strong><\/h3>\n\n\n\n<p>Car le traitement est l\u00e9gitim\u00e9 par l&rsquo;article 6 du RGPD de la mani\u00e8re suivante :<\/p>\n\n\n\n<ul class=\"wp-block-list\"><li>Avec le consentement de l&rsquo;UTILISATEUR : envoi de communications commerciales et de la newsletter.<\/li><li>En raison de l&rsquo;int\u00e9r\u00eat l\u00e9gitime du RESPONSABLE : r\u00e9aliser des \u00e9tudes de march\u00e9, des analyses statistiques, etc. et traiter les commandes, demandes, etc. \u00e0 la demande de l&rsquo;UTILISATEUR.<\/li><\/ul>\n\n\n\n<h3 class=\"wp-block-heading\"><strong>Combien de temps conserverons-nous vos donn\u00e9es personnelles ?<\/strong><\/h3>\n\n\n\n<p>Ne seron conserv\u00e9s que le temps n\u00e9cessaire au maintien de la fin du traitemente ou il existe des exigences l\u00e9gales qui dictent leur garde, et quand ce n&rsquo;est plus n\u00e9cessaire seron suprim\u00e9s avec des mesures de securit\u00e9 ade quates pour garantir l&rsquo;anonimat des donn\u00e9es ou la destruction totale de celles-ci.<\/p>\n\n\n\n<h3 class=\"wp-block-heading\"><strong>A qui fournissons-nous vos donn\u00e9es personnelles ?<\/strong><\/h3>\n\n\n\n<p>Aucune communication de donn\u00e9es personnelles \u00e0 des tiers n&rsquo;est pr\u00e9vue sauf, si n\u00e9cessaire, pour l&rsquo;\u00e9laboration et l&rsquo;ex\u00e9cution des finalit\u00e9s du traitement \u00e0 nos prestataires li\u00e9s aux communications, avec lesquels le RESPONSABLE a sign\u00e9 les contrats de confidentialit\u00e9 et de traitement requis par r\u00e8gles de confidentialit\u00e9 en vigueur.<\/p>\n\n\n\n<h3 class=\"wp-block-heading\"><strong>Quels sont vos droits ?<\/strong><\/h3>\n\n\n\n<p>Les droits qui assistent l&rsquo;UTILISATEUR sont:<\/p>\n\n\n\n<ul class=\"wp-block-list\"><li>Droit de retirer son consentement \u00e0 tout moment.<\/li><li>Droit d&rsquo;acc\u00e8s, de rectification, de portabilit\u00e9 et de suppression de ses donn\u00e9es, et de limitation ou d&rsquo;opposition \u00e0 leur traitement.<\/li><li>Droit de d\u00e9poser une r\u00e9clamation aupr\u00e8s de l&rsquo;autorit\u00e9 de contr\u00f4le (www.aepd.es) s&rsquo;il consid\u00e8re que le traitement n&rsquo;est pas conforme \u00e0 la r\u00e9glementation en vigueur.<\/li><\/ul>\n\n\n\n<p><strong>Coordonn\u00e9es pour exercer vos droits :<\/strong><\/p>\n\n\n\n<p>ByS Rentals (Roger Abad Pons).\u00a0<a href=\"mailto:info@bysrentals.com\">Courriel: info@bysrentals.com<\/a><br><\/p>\n\n\n\n<h2 class=\"wp-block-heading\"><strong>2. CARACTERE OBLIGATOIRE OU FACULTATIF DES INFORMATIONS FOURNIES PAR L&rsquo;UTILISATEUR<\/strong><\/h2>\n\n\n\n<p>Les UTILISATEURS, en cochant les cases appropri\u00e9es et en saisissant des donn\u00e9es dans les champs marqu\u00e9s d&rsquo;un ast\u00e9risque (*) dans le formulaire de contact ou pr\u00e9sent\u00e9s dans les formulaires de t\u00e9l\u00e9chargement, acceptent express\u00e9ment, librement et sans \u00e9quivoque que leurs donn\u00e9es soient n\u00e9cessaires pour r\u00e9pondre \u00e0 leur demande par le fournisseur, l&rsquo;inclusion de donn\u00e9es dans les champs restants \u00e9st volontaire. L&rsquo;UTILISATEUR garantit que les donn\u00e9es personnelles fournies au RESPONSABLE sont v\u00e9ridiques et il est responsable de leur communiquer toute modification. Le RESPONSABLE informe que toutes les donn\u00e9es demand\u00e9es via le site Web sont obligatoires, car elles sont n\u00e9cessaires \u00e0 la fourniture d&rsquo;un service optimal \u00e0 l&rsquo;UTILISATEUR. Au cas o\u00f9 toutes les donn\u00e9es ne sont pas fournies, il n&rsquo;est pas garanti que les informations et services fournis seront compl\u00e8tement adapt\u00e9s \u00e0 vos besoins.<\/p>\n\n\n\n<h2 class=\"wp-block-heading\"><strong>3. MESURES DE S\u00c9CURIT\u00c9<\/strong><\/h2>\n\n\n\n<p>Que conform\u00e9ment aux dispositions de la r\u00e9glementation en vigueur sur la protection des donn\u00e9es personnelles, le RESPONSABLE se conforme \u00e0 toutes les dispositions des r\u00e9glementations GDPR et LOPDGDD pour le traitement des donn\u00e9es personnelles de sa responsabilit\u00e9, et manifestement aux principes d\u00e9crits \u00e0 l&rsquo;article 5 du RGPD, par lequel elles sont trait\u00e9es de mani\u00e8re licite, loyale et transparente vis-\u00e0-vis de l&rsquo;int\u00e9ress\u00e9 et ad\u00e9quates, pertinentes et limit\u00e9es \u00e0 ce qui est n\u00e9cessaire au regard des finalit\u00e9s pour lesquelles elles sont trait\u00e9es.<\/p>\n\n\n\n<p>Le RESPONSABLE garantit qu&rsquo;il a mis en place des politiques techniques et organisationnelles appropri\u00e9es pour appliquer les mesures de s\u00e9curit\u00e9 \u00e9tablies par le RGPD et la LOPDGDD afin de prot\u00e9ger les droits et libert\u00e9s des UTILISATEURS et a communiqu\u00e9 les informations appropri\u00e9es afin qu&rsquo;ils puissent les exercer.<\/p>\n\n\n\n<p>Pour plus d&rsquo;informations sur les garanties de confidentialit\u00e9, vous pouvez contacter le RESPONSABLE via ByS Rentals (Roger Abad Pons).\u00a0<a href=\"mailto:info@byrentals.com\">Courriel: info@byrentals.com<\/a><\/p>\n\n\n\n<p><\/p>\n","protected":false},"excerpt":{"rendered":"<p>1. INFORMATIONS UTILISATEUR Qui est responsable du traitement de vos donn\u00e9es personnelles ? ByS Rentals (Roger Abad Pons)\u00a0est RESPONSABLE du traitement des donn\u00e9es personnelles de l&rsquo;UTILISATEUR et vous informe que ces donn\u00e9es seront trait\u00e9es conform\u00e9ment aux dispositions du R\u00e8glement (UE) 2016\/679 du 27 avril (RGPD) et de la Loi Organique 3\/2018, du 5 d\u00e9cembre (LOPDGDD). &#8230;<\/p>\n","protected":false},"author":1,"featured_media":0,"parent":0,"menu_order":0,"comment_status":"closed","ping_status":"closed","template":"","meta":{"_seopress_robots_primary_cat":"","_seopress_titles_title":"","_seopress_titles_desc":"","_seopress_robots_index":"","inline_featured_image":false,"footnotes":""},"class_list":["post-29254","page","type-page","status-publish","hentry"],"_links":{"self":[{"href":"https:\/\/www.bysrentals.com\/fr\/wp-json\/wp\/v2\/pages\/29254","targetHints":{"allow":["GET"]}}],"collection":[{"href":"https:\/\/www.bysrentals.com\/fr\/wp-json\/wp\/v2\/pages"}],"about":[{"href":"https:\/\/www.bysrentals.com\/fr\/wp-json\/wp\/v2\/types\/page"}],"author":[{"embeddable":true,"href":"https:\/\/www.bysrentals.com\/fr\/wp-json\/wp\/v2\/users\/1"}],"replies":[{"embeddable":true,"href":"https:\/\/www.bysrentals.com\/fr\/wp-json\/wp\/v2\/comments?post=29254"}],"version-history":[{"count":3,"href":"https:\/\/www.bysrentals.com\/fr\/wp-json\/wp\/v2\/pages\/29254\/revisions"}],"predecessor-version":[{"id":29855,"href":"https:\/\/www.bysrentals.com\/fr\/wp-json\/wp\/v2\/pages\/29254\/revisions\/29855"}],"wp:attachment":[{"href":"https:\/\/www.bysrentals.com\/fr\/wp-json\/wp\/v2\/media?parent=29254"}],"curies":[{"name":"wp","href":"https:\/\/api.w.org\/{rel}","templated":true}]}}